{"id":2183,"date":"2011-09-08T11:36:45","date_gmt":"2011-09-08T10:36:45","guid":{"rendered":"http:\/\/www.cislscuolasassari.it\/?page_id=2183"},"modified":"2026-04-21T20:54:11","modified_gmt":"2026-04-21T19:54:11","slug":"orari-estivi-di-apertura-al-pubblico","status":"publish","type":"page","link":"https:\/\/www.cislscuolasassari.it\/?page_id=2183","title":{"rendered":"ORARI"},"content":{"rendered":"\n<p class=\"has-text-align-center has-large-font-size\"><strong>ORARIO UFFICIO<\/strong><\/p>\n\n\n\n<p class=\"has-text-align-center has-vivid-red-color has-text-color\">Dal Luned\u00ec al Venerd\u00ec (Mattina) 8:00 &#8211; 14:00<\/p>\n\n\n\n<p class=\"has-text-align-center\"><strong>Luned\u00ec pomeriggio 15:00 &#8211; 18:00<\/strong><\/p>\n\n\n\n<p class=\"has-text-align-center\"><strong>Mercoled\u00ec pomeriggio 15:00 &#8211; 18:00<\/strong><\/p>\n\n\n\n<p><\/p>\n\n\n\n<h2 class=\"wp-block-heading has-text-align-center\">PRIMA DI RECARSI IN UFFICIO CONTATTARE IL SEGUENTE NUMERO DI CELLULARE PER PRENDERE L&#8217;APPUNTAMENTO INVIANDO UN MESSAGGIO SU WHATSAPP:<\/h2>\n\n\n\n<p class=\"has-text-align-center has-vivid-green-cyan-color has-text-color has-link-color has-large-font-size wp-elements-72aad0bf87ea5d556ae8c8c0f4ae5bfb\"><strong>392 956 8415<\/strong><\/p>\n\n\n\n<h2 class=\"wp-block-heading\">&nbsp; &nbsp; &nbsp; &nbsp; &nbsp; &nbsp; &nbsp; &nbsp; &nbsp; &nbsp; &nbsp; &nbsp; <\/h2>\n","protected":false},"excerpt":{"rendered":"<p>ORARIO UFFICIO Dal Luned\u00ec al Venerd\u00ec (Mattina) 8:00 &#8211; 14:00 Luned\u00ec pomeriggio 15:00 &#8211; 18:00 Mercoled\u00ec pomeriggio 15:00 &#8211; 18:00 PRIMA DI RECARSI IN UFFICIO CONTATTARE IL SEGUENTE NUMERO DI CELLULARE PER PRENDERE L&#8217;APPUNTAMENTO INVIANDO UN MESSAGGIO SU WHATSAPP: 392 956 8415 &nbsp; &nbsp; &nbsp; &nbsp; &nbsp; &nbsp; &nbsp; &nbsp; &nbsp; &nbsp; &nbsp; &nbsp;<\/p>\n","protected":false},"author":2,"featured_media":0,"parent":0,"menu_order":0,"comment_status":"closed","ping_status":"open","template":"","meta":{"footnotes":""},"_links":{"self":[{"href":"https:\/\/www.cislscuolasassari.it\/index.php?rest_route=\/wp\/v2\/pages\/2183"}],"collection":[{"href":"https:\/\/www.cislscuolasassari.it\/index.php?rest_route=\/wp\/v2\/pages"}],"about":[{"href":"https:\/\/www.cislscuolasassari.it\/index.php?rest_route=\/wp\/v2\/types\/page"}],"author":[{"embeddable":true,"href":"https:\/\/www.cislscuolasassari.it\/index.php?rest_route=\/wp\/v2\/users\/2"}],"replies":[{"embeddable":true,"href":"https:\/\/www.cislscuolasassari.it\/index.php?rest_route=%2Fwp%2Fv2%2Fcomments&post=2183"}],"version-history":[{"count":35,"href":"https:\/\/www.cislscuolasassari.it\/index.php?rest_route=\/wp\/v2\/pages\/2183\/revisions"}],"predecessor-version":[{"id":7715,"href":"https:\/\/www.cislscuolasassari.it\/index.php?rest_route=\/wp\/v2\/pages\/2183\/revisions\/7715"}],"wp:attachment":[{"href":"https:\/\/www.cislscuolasassari.it\/index.php?rest_route=%2Fwp%2Fv2%2Fmedia&parent=2183"}],"curies":[{"name":"wp","href":"https:\/\/api.w.org\/{rel}","templated":true}]}}